{"id":1704,"date":"2018-12-05T13:03:08","date_gmt":"2018-12-05T10:03:08","guid":{"rendered":"https:\/\/cerrahpasa.com.tr\/?page_id=1704"},"modified":"2018-12-05T13:22:42","modified_gmt":"2018-12-05T10:22:42","slug":"is-guvenligi-uzmanligi-hizmeti","status":"publish","type":"page","link":"https:\/\/cerrahpasa.com.tr\/?page_id=1704","title":{"rendered":"\u0130\u015f G\u00fcvenli\u011fi Uzman\u0131 Hizmeti"},"content":{"rendered":"<p>[vc_row css=&#8221;.vc_custom_1544005063292{background-color: #f5b66e !important;}&#8221;][vc_column][vc_column_text css=&#8221;.vc_custom_1544005090724{margin-top: -50px !important;margin-bottom: -50px !important;}&#8221;]<\/p>\n<div class=\"wpb_text_column \">\n<div class=\"wpb_wrapper\">\n<div class=\"wpb_text_column wpb_content_element \">\n<div class=\"wpb_wrapper\">\n<div class=\"wpb_text_column wpb_content_element \">\n<div class=\"wpb_wrapper\">\n<p><strong>\u0130\u015f G\u00fcvenli\u011fi Uzman\u0131, \u0130\u015f g\u00fcvenli\u011fi e\u011fitim program\u0131n\u0131 tamamlayarak e\u011fitim sonunda Bakanl\u0131k taraf\u0131ndan yap\u0131lacak veya yapt\u0131r\u0131lacak s\u0131navda ba\u015far\u0131l\u0131 olan mimar, m\u00fchendis veya teknik elemanlara \u0130\u015f G\u00fcvenli\u011fi Uzman\u0131 denir.<\/strong><\/p>\n<p><strong>\u0130\u015f G\u00fcvenli\u011fi hizmetleri, i\u015f g\u00fcvenli\u011fi uzman\u0131 taraf\u0131ndan \u00e7al\u0131\u015fanlara rehberlik, dan\u0131\u015fmanl\u0131k, risk de\u011ferlendirme hizmetleriyle beraber \u00e7al\u0131\u015fanlar\u0131n \u00e7al\u0131\u015fma ortam\u0131 g\u00f6zetimi, e\u011fitim ve bilgilendirilmesi faaliyetlerini kapsar.<\/strong><\/p>\n<\/div>\n<\/div>\n<\/div>\n<\/div>\n<\/div>\n<\/div>\n<p>[\/vc_column_text][\/vc_column][\/vc_row][vc_row height=&#8221;auto&#8221; css=&#8221;.vc_custom_1544005367310{margin-top: -20px !important;}&#8221;][vc_column][vc_column_text]<strong>\u0130\u015f G\u00fcvenli\u011fi Uzman\u0131n\u0131n Sorumluluklar\u0131 Nelerdir?<\/strong>[\/vc_column_text][vc_empty_space height=&#8221;10px&#8221;][vc_tta_accordion][vc_tta_section title=&#8221;Rehberlik ve Dan\u0131\u015fmanl\u0131k&#8221; tab_id=&#8221;1518045518714-ed9e702d-8101&#8243;][vc_column_text]\u0130\u015f g\u00fcvenli\u011fi uzman\u0131 hizmet verdi\u011fi i\u015fyerinde yap\u0131lan \u00e7al\u0131\u015fmalar ve yap\u0131lacak de\u011fi\u015fikliklerle ilgili olarak tasar\u0131m, makine ve di\u011fer te\u00e7hizat\u0131n durumu, bak\u0131m\u0131, se\u00e7imi ve kullan\u0131lan maddeler de d\u00e2hil olmak \u00fczere i\u015fin planlanmas\u0131, organizasyonu ve uygulanmas\u0131, ki\u015fisel koruyucu donan\u0131mlar\u0131n se\u00e7imi, temini, kullan\u0131m\u0131, bak\u0131m\u0131, muhafazas\u0131 ve test edilmesi konular\u0131n\u0131n, i\u015f sa\u011fl\u0131\u011f\u0131 ve g\u00fcvenli\u011fi mevzuat\u0131na ve genel i\u015f g\u00fcvenli\u011fi kurallar\u0131na uygun olarak s\u00fcrd\u00fcr\u00fclmesini sa\u011flamak i\u00e7in i\u015fverene bu konularla ilgili tavsiyelerde bulunmak.[\/vc_column_text][\/vc_tta_section][vc_tta_section title=&#8221;Risk De\u011ferlendirmesi&#8221; tab_id=&#8221;1518045518795-64c82fa8-4fb3&#8243;][vc_column_text]\u0130\u015f g\u00fcvenli\u011fi uzman\u0131 mevcut i\u015fyerinde risk de\u011ferlendirmesinin yap\u0131lmas\u0131n\u0131 sa\u011flayarak gerekli \u00e7al\u0131\u015fmalar\u0131n planlanin yaparak al\u0131nacak sa\u011fl\u0131k ve g\u00fcvenlik \u00f6nlemleri konusunda i\u015fverene \u00f6nerilerde bulunmak ve takibini yapmak.[\/vc_column_text][\/vc_tta_section][vc_tta_section title=&#8221;\u00c7al\u0131\u015fma Ortam\u0131 G\u00f6zetimi&#8221; tab_id=&#8221;1518045624872-1ae829dd-2dd5&#8243;][vc_column_text]<\/p>\n<p>\u0130\u015f g\u00fcvenli\u011fi uzman\u0131 \u00e7al\u0131\u015fma ortam\u0131n\u0131n g\u00f6zetimini yaparak, i\u015fyerinde i\u015f sa\u011fl\u0131\u011f\u0131 ve g\u00fcvenli\u011fi y\u00f6n\u00fcnden yap\u0131lmas\u0131 gereken periyodik bak\u0131m, kontrol ve \u00f6l\u00e7\u00fcmleri planlamak ve uygulanmas\u0131n\u0131 kontrol etmek.<\/p>\n<p>\u0130\u015fyerinde kaza, yang\u0131n veya patlamalar\u0131n \u00f6nlenmesi i\u00e7in mevzuata uygun \u00e7al\u0131\u015fmalar yapmak ve uygulamalar\u0131 takip etmek; do\u011fal afet, kaza, yang\u0131n veya patlama gibi durumlar i\u00e7in acil durum planlar\u0131n\u0131n haz\u0131rlanmas\u0131n\u0131 sa\u011flamak, periyodik olarak e\u011fitimleri ve tatbikatlar\u0131 yapt\u0131rmak, acil durum plan\u0131 do\u011frultusunda hareket edilmesini sa\u011flamak.<\/p>\n<p>[\/vc_column_text][\/vc_tta_section][vc_tta_section title=&#8221;E\u011fitim, Bilgilendirme ve Kay\u0131t&#8221; tab_id=&#8221;1518045628350-89e5a8f4-91f2&#8243;][vc_column_text]\u0130\u015f sa\u011fl\u0131\u011f\u0131 ve g\u00fcvenli\u011fi e\u011fitimlerini ilgili mevzuata uygun olarak planlamak ve uygulamak. \u00c7al\u0131\u015fma ortam\u0131n\u0131n g\u00f6zetimi ile ilgili \u00e7al\u0131\u015fmalar\u0131 kaydetmek ve y\u0131ll\u0131k de\u011ferlendirme raporunu i\u015fyeri hekimi ile i\u015fbirli\u011fi yaparak haz\u0131rlamak.[\/vc_column_text][\/vc_tta_section][vc_tta_section title=&#8221;\u0130lgili Birimle \u0130\u015fbirli\u011fi&#8221; tab_id=&#8221;1518045688505-7a767e8d-f42e&#8221;][vc_column_text]\u0130\u015f g\u00fcvenli\u011fi uzman\u0131 \u0130\u015fyeri hekimi ile i\u015fbirli\u011fi yaparak i\u015f kazalar\u0131 ve meslek hastal\u0131klar\u0131 ile ilgili de\u011ferlendirme yapmak, tehlikeli olay\u0131n tekrarlanmamas\u0131 i\u00e7in inceleme ve ara\u015ft\u0131rma yaparak gerekli \u00f6nleyici faaliyet planlar\u0131n\u0131 haz\u0131rlamak ve uygulamalar\u0131n takibini yapmak. \u0130\u015fyeri hekimi ile i\u015fbirli\u011fi yaparak y\u0131ll\u0131k \u00e7al\u0131\u015fma plan\u0131n\u0131 haz\u0131rlamak.[\/vc_column_text][\/vc_tta_section][\/vc_tta_accordion][\/vc_column][\/vc_row]<\/p>\n","protected":false},"excerpt":{"rendered":"<p>[vc_row css=&#8221;.vc_custom_1544005063292{background-color: #f5b66e !important;}&#8221;][vc_column][vc_column_text css=&#8221;.vc_custom_1544005090724{margin-top: -50px !important;margin-bottom: -50px !important;}&#8221;] \u0130\u015f G\u00fcvenli\u011fi Uzman\u0131, \u0130\u015f g\u00fcvenli\u011fi e\u011fitim program\u0131n\u0131 tamamlayarak e\u011fitim sonunda Bakanl\u0131k taraf\u0131ndan yap\u0131lacak veya yapt\u0131r\u0131lacak s\u0131navda ba\u015far\u0131l\u0131 olan mimar, m\u00fchendis veya teknik elemanlara \u0130\u015f G\u00fcvenli\u011fi Uzman\u0131 denir. \u0130\u015f G\u00fcvenli\u011fi hizmetleri, i\u015f g\u00fcvenli\u011fi uzman\u0131 taraf\u0131ndan \u00e7al\u0131\u015fanlara rehberlik, dan\u0131\u015fmanl\u0131k, risk de\u011ferlendirme hizmetleriyle beraber \u00e7al\u0131\u015fanlar\u0131n \u00e7al\u0131\u015fma ortam\u0131 g\u00f6zetimi, e\u011fitim [&hellip;]<\/p>\n","protected":false},"author":4852,"featured_media":0,"parent":0,"menu_order":0,"comment_status":"closed","ping_status":"closed","template":"page-templates\/template-fullwidth.php","meta":[],"_links":{"self":[{"href":"https:\/\/cerrahpasa.com.tr\/index.php?rest_route=\/wp\/v2\/pages\/1704"}],"collection":[{"href":"https:\/\/cerrahpasa.com.tr\/index.php?rest_route=\/wp\/v2\/pages"}],"about":[{"href":"https:\/\/cerrahpasa.com.tr\/index.php?rest_route=\/wp\/v2\/types\/page"}],"author":[{"embeddable":true,"href":"https:\/\/cerrahpasa.com.tr\/index.php?rest_route=\/wp\/v2\/users\/4852"}],"replies":[{"embeddable":true,"href":"https:\/\/cerrahpasa.com.tr\/index.php?rest_route=%2Fwp%2Fv2%2Fcomments&post=1704"}],"version-history":[{"count":18,"href":"https:\/\/cerrahpasa.com.tr\/index.php?rest_route=\/wp\/v2\/pages\/1704\/revisions"}],"predecessor-version":[{"id":1723,"href":"https:\/\/cerrahpasa.com.tr\/index.php?rest_route=\/wp\/v2\/pages\/1704\/revisions\/1723"}],"wp:attachment":[{"href":"https:\/\/cerrahpasa.com.tr\/index.php?rest_route=%2Fwp%2Fv2%2Fmedia&parent=1704"}],"curies":[{"name":"wp","href":"https:\/\/api.w.org\/{rel}","templated":true}]}}