{"id":1724,"date":"2018-12-05T13:26:12","date_gmt":"2018-12-05T10:26:12","guid":{"rendered":"https:\/\/cerrahpasa.com.tr\/?page_id=1724"},"modified":"2018-12-05T13:37:08","modified_gmt":"2018-12-05T10:37:08","slug":"isyeri-hekimi-hizmeti","status":"publish","type":"page","link":"https:\/\/cerrahpasa.com.tr\/?page_id=1724","title":{"rendered":"\u0130\u015fyeri Hekimi Hizmeti"},"content":{"rendered":"<p>[vc_row css=&#8221;.vc_custom_1544005063292{background-color: #f5b66e !important;}&#8221;][vc_column][vc_column_text css=&#8221;.vc_custom_1544005803169{margin-top: -50px !important;margin-bottom: -50px !important;}&#8221;]<\/p>\n<div class=\"wpb_text_column \">\n<div class=\"wpb_wrapper\">\n<div class=\"wpb_text_column wpb_content_element \">\n<div class=\"wpb_wrapper\">\n<div class=\"wpb_text_column wpb_content_element \">\n<div class=\"wpb_wrapper\">\n<div class=\"wpb_text_column \">\n<div class=\"wpb_wrapper\">\n<div class=\"wpb_text_column wpb_content_element \">\n<div class=\"wpb_wrapper\">\n<p><strong>\u0130\u015f yeri hekimli\u011fi, firma \u00e7al\u0131\u015fanlar\u0131na i\u015fyeri hekimi taraf\u0131ndan verilen rehberlik ve dan\u0131\u015fmanl\u0131k hizmetleriyle beraber \u00e7al\u0131\u015fanlar\u0131n sa\u011fl\u0131k g\u00f6zetimi ve sa\u011fl\u0131k ile ilgili e\u011fitimlerini kapsar.<\/strong><\/p>\n<p><strong>SAFER OSGB olarak i\u015fyerlerinde sa\u011fl\u0131kl\u0131 ve g\u00fcvenli bir \u00e7al\u0131\u015fma ortam\u0131n\u0131n tesis edilmesi, sa\u011fl\u0131k ve g\u00fcvenlik risklerinin \u00f6nlenmesi ve koruyucu hizmetlerin y\u00fcr\u00fct\u00fclmesi i\u00e7in gerekli tedbirlerin belirlenmesi, bu tedbirlerin uygulanmas\u0131 ve uygulamalar\u0131n izlenmesi i\u015flerini y\u00fcr\u00fctmek \u00fczere \u201c\u0130\u015fyeri Hekimi G\u00f6revlendirilmesi\u201d ile gerekti\u011finde \u201cdi\u011fer sa\u011fl\u0131k personelinin g\u00f6revlendirilmesi\u201d\u00a0 hizmetlerini ger\u00e7ekle\u015ftirmekteyiz.<\/strong><\/p>\n<\/div>\n<\/div>\n<\/div>\n<\/div>\n<\/div>\n<\/div>\n<\/div>\n<\/div>\n<\/div>\n<\/div>\n<p>[\/vc_column_text][\/vc_column][\/vc_row][vc_row][vc_column width=&#8221;1\/4&#8243;][vc_column_text]<\/p>\n<h4><strong>Sorumluluklar\u0131 Nelerdir?<\/strong><\/h4>\n<ul>\n<li>Rehberlik ve dan\u0131\u015fmanl\u0131k<\/li>\n<li>Sa\u011fl\u0131k g\u00f6zetimi<\/li>\n<li>E\u011fitim ve bilgilendirme<\/li>\n<li>\u0130lgili birimlerle i\u015fbirli\u011fi<\/li>\n<\/ul>\n<p>[\/vc_column_text][\/vc_column][vc_column width=&#8221;3\/4&#8243;][vc_column_text]<\/p>\n<h4><strong>YASAYA G\u00d6RE \u0130\u015eYER\u0130 HEK\u0130ML\u0130\u011e\u0130<\/strong><\/h4>\n<p>\u0130\u015fveren, i\u015fyerlerinde al\u0131nmas\u0131 gereken i\u015f sa\u011fl\u0131\u011f\u0131 ve g\u00fcvenli\u011fi tedbirlerinin belirlenmesi ve uygulanmas\u0131n\u0131n izlenmesi, i\u015f kazas\u0131 ve meslek hastal\u0131klar\u0131n\u0131n \u00f6nlenmesi, \u00e7al\u0131\u015fanlar\u0131n ilk yard\u0131m ve acil tedavi ile koruyucu sa\u011fl\u0131k ve g\u00fcvenlik hizmetlerinin y\u00fcr\u00fct\u00fclmesi amac\u0131yla; \u00e7al\u0131\u015fanlar\u0131 aras\u0131ndan bu Y\u00f6netmelikte belirtilen nitelikleri haiz bir veya birden fazla i\u015fyeri hekimi, i\u015f g\u00fcvenli\u011fi uzman\u0131 ve di\u011fer sa\u011fl\u0131k personeli g\u00f6revlendirmekle y\u00fck\u00fcml\u00fcd\u00fcr.[\/vc_column_text][\/vc_column][\/vc_row]<\/p>\n","protected":false},"excerpt":{"rendered":"<p>[vc_row css=&#8221;.vc_custom_1544005063292{background-color: #f5b66e !important;}&#8221;][vc_column][vc_column_text css=&#8221;.vc_custom_1544005803169{margin-top: -50px !important;margin-bottom: -50px !important;}&#8221;] \u0130\u015f yeri hekimli\u011fi, firma \u00e7al\u0131\u015fanlar\u0131na i\u015fyeri hekimi taraf\u0131ndan verilen rehberlik ve dan\u0131\u015fmanl\u0131k hizmetleriyle beraber \u00e7al\u0131\u015fanlar\u0131n sa\u011fl\u0131k g\u00f6zetimi ve sa\u011fl\u0131k ile ilgili e\u011fitimlerini kapsar. SAFER OSGB olarak i\u015fyerlerinde sa\u011fl\u0131kl\u0131 ve g\u00fcvenli bir \u00e7al\u0131\u015fma ortam\u0131n\u0131n tesis edilmesi, sa\u011fl\u0131k ve g\u00fcvenlik risklerinin \u00f6nlenmesi ve koruyucu hizmetlerin y\u00fcr\u00fct\u00fclmesi i\u00e7in gerekli [&hellip;]<\/p>\n","protected":false},"author":4852,"featured_media":0,"parent":0,"menu_order":0,"comment_status":"closed","ping_status":"closed","template":"page-templates\/template-fullwidth.php","meta":[],"_links":{"self":[{"href":"https:\/\/cerrahpasa.com.tr\/index.php?rest_route=\/wp\/v2\/pages\/1724"}],"collection":[{"href":"https:\/\/cerrahpasa.com.tr\/index.php?rest_route=\/wp\/v2\/pages"}],"about":[{"href":"https:\/\/cerrahpasa.com.tr\/index.php?rest_route=\/wp\/v2\/types\/page"}],"author":[{"embeddable":true,"href":"https:\/\/cerrahpasa.com.tr\/index.php?rest_route=\/wp\/v2\/users\/4852"}],"replies":[{"embeddable":true,"href":"https:\/\/cerrahpasa.com.tr\/index.php?rest_route=%2Fwp%2Fv2%2Fcomments&post=1724"}],"version-history":[{"count":11,"href":"https:\/\/cerrahpasa.com.tr\/index.php?rest_route=\/wp\/v2\/pages\/1724\/revisions"}],"predecessor-version":[{"id":1735,"href":"https:\/\/cerrahpasa.com.tr\/index.php?rest_route=\/wp\/v2\/pages\/1724\/revisions\/1735"}],"wp:attachment":[{"href":"https:\/\/cerrahpasa.com.tr\/index.php?rest_route=%2Fwp%2Fv2%2Fmedia&parent=1724"}],"curies":[{"name":"wp","href":"https:\/\/api.w.org\/{rel}","templated":true}]}}