{"id":1749,"date":"2018-12-05T14:34:26","date_gmt":"2018-12-05T11:34:26","guid":{"rendered":"https:\/\/cerrahpasa.com.tr\/?page_id=1749"},"modified":"2018-12-05T14:41:24","modified_gmt":"2018-12-05T11:41:24","slug":"acil-durum-eylem-plani","status":"publish","type":"page","link":"https:\/\/cerrahpasa.com.tr\/?page_id=1749","title":{"rendered":"Acil Durum Eylem Plan\u0131"},"content":{"rendered":"<p>[vc_row css=&#8221;.vc_custom_1544005063292{background-color: #f5b66e !important;}&#8221;][vc_column][vc_column_text css=&#8221;.vc_custom_1544009697961{margin-top: -50px !important;margin-bottom: -50px !important;}&#8221;]<\/p>\n<div class=\"wpb_text_column \">\n<div class=\"wpb_wrapper\">\n<div class=\"wpb_text_column wpb_content_element \">\n<div class=\"wpb_wrapper\">\n<div class=\"wpb_text_column wpb_content_element \">\n<div class=\"wpb_wrapper\">\n<div class=\"wpb_text_column \">\n<div class=\"wpb_wrapper\">\n<div class=\"wpb_text_column wpb_content_element \">\n<div class=\"wpb_wrapper\">\n<p><strong>Acil durum, \u0130\u015f yerinin tamam\u0131nda veya bir k\u0131sm\u0131nda meydana gelebilecek yang\u0131n, patlama, tehlikeli kimyasal maddelerden kaynaklanan yay\u0131l\u0131m, do\u011fal afet gibi acil m\u00fcdahale, m\u00fccadele, ilk yard\u0131m veya tahliye gerektiren olaylar\u0131,<\/strong><\/p>\n<p><strong>Acil durum plan\u0131 ise i\u015f yerlerinde meydana gelebilecek acil durumlarda yap\u0131lacak i\u015f ve i\u015flemler dahil bilgilerin ve uygulamaya y\u00f6nelik eylemlerin yer ald\u0131\u011f\u0131 pland\u0131r.<\/strong><\/p>\n<\/div>\n<\/div>\n<\/div>\n<\/div>\n<\/div>\n<\/div>\n<\/div>\n<\/div>\n<\/div>\n<\/div>\n<p>[\/vc_column_text][\/vc_column][\/vc_row][vc_row css=&#8221;.vc_custom_1544006553918{margin-top: -20px !important;}&#8221;][vc_column][vc_column_text]<\/p>\n<h4>\u0130\u015f yerinde meydana gelebilecek acil durumlar;<\/h4>\n<p>\u2022 Risk de\u011ferlendirmesi sonu\u00e7lar\u0131,<\/p>\n<p>\u2022 Yang\u0131n, tehlikeli kimyasal maddelerden kaynaklanan yay\u0131l\u0131m ve patlama ihtimali,<\/p>\n<p>\u2022 \u0130lk yard\u0131m ve tahliye gerektirecek olaylar,<br \/>\nDo\u011fal afetlerin meydana gelme ihtimali,<\/p>\n<p>\u2022 Sabotaj ihtimali gibi durumlar g\u00f6z \u00f6n\u00fcnde bulundurularak haz\u0131rlan\u0131r.<\/p>\n<p><strong>\u0130\u015f veren; i\u015f yeri tehlike s\u0131n\u0131f\u0131na g\u00f6re<\/strong><\/p>\n<ol>\n<li>\u00c7ok tehlikeli s\u0131n\u0131fta yer alan i\u015f yerlerinde \u2013 30 \u00e7al\u0131\u015fana,<\/li>\n<li>Tehlikeli s\u0131n\u0131fta yer alan i\u015f yerlerinde \u2013 40 \u00e7al\u0131\u015fana<\/li>\n<li>Az tehlikeli s\u0131n\u0131fta yer alan i\u015f yerlerinde \u2013 50 \u00e7al\u0131\u015fana kadar;<\/li>\n<\/ol>\n<p>\u2022 Arama, kurtarma ve tahliye,<\/p>\n<p>\u2022 Yang\u0131nla m\u00fccadele konular\u0131n\u0131n her biri i\u00e7in uygun donan\u0131ma sahip ve \u00f6zel e\u011fitimli en az birer \u00e7al\u0131\u015fan\u0131 destek eleman\u0131 olarak g\u00f6revlendirir.<\/p>\n<h4>\u0130s G\u00fcvenli\u011fi uzman\u0131 ve i\u015f yeri hekiminin de\u011ferlendirmeleri sonucunda acil durum eylem plan\u0131;<\/h4>\n<p>\u2022 \u0130\u015f yerinin unvan\u0131, adresi ve i\u015fverenin ad\u0131.<\/p>\n<p>\u2022 Haz\u0131rlayanlar\u0131n ad\u0131, soyad\u0131 ve unvan\u0131.<\/p>\n<p>\u2022 Haz\u0131rland\u0131\u011f\u0131 tarih ve ge\u00e7erlilik tarihi.<\/p>\n<p>\u2022 Belirlenen acil durumlar.<\/p>\n<p>\u2022 Al\u0131nan \u00f6nleyici ve s\u0131n\u0131rland\u0131r\u0131c\u0131 tedbirler.<\/p>\n<p>\u2022Acil durum m\u00fcdahale ve tahliye y\u00f6ntemleri.<\/p>\n<h4>A\u015fa\u011f\u0131daki unsurlar\u0131 i\u00e7eren i\u015f yerini veya i\u015f yerinin b\u00f6l\u00fcmlerini g\u00f6steren kroki:<\/h4>\n<p>\u2022 Yang\u0131n s\u00f6nd\u00fcrme ama\u00e7l\u0131 kullan\u0131lacaklar da dahil olmak \u00fczere acil durum ekipmanlar\u0131n\u0131n bulundu\u011fu yerler.<\/p>\n<p>\u2022 \u0130lk yard\u0131m malzemelerinin bulundu\u011fu yerler.<\/p>\n<p>\u2022 Ka\u00e7\u0131\u015f yollar\u0131, toplanma yerleri ve bulunmas\u0131 halinde uyar\u0131 sistemlerinin de yer ald\u0131\u011f\u0131 tahliye plan\u0131.<\/p>\n<p>\u2022 G\u00f6revlendirilen \u00e7al\u0131\u015fanlar\u0131n ve varsa yedeklerinin ad\u0131, soyad\u0131, unvan\u0131, sorumluluk alan\u0131 ve ileti\u015fim bilgileri.<\/p>\n<p>\u2022 \u0130lk yard\u0131m, acil t\u0131bbi m\u00fcdahale, kurtarma ve yang\u0131nla m\u00fccadele konular\u0131nda i\u015f yeri d\u0131\u015f\u0131ndaki kurulu\u015flar\u0131n irtibat numaralar\u0131.<\/p>\n<p>Maddelerince yaz\u0131l\u0131 hale getirilir.<\/p>\n<p>Haz\u0131rlanan acil durum plan\u0131n\u0131n uygulama ad\u0131mlar\u0131n\u0131n d\u00fczenli olarak takip edilebilmesi ve uygulanabilirli\u011finden emin olmak i\u00e7in i\u015f yerlerinde y\u0131lda en az bir defa olmak \u00fczere tatbikat yap\u0131l\u0131r, denetlenir ve g\u00f6zden ge\u00e7irilerek gerekli d\u00fczeltici ve \u00f6nleyici faaliyetler yap\u0131l\u0131r.<\/p>\n<h4>Yap\u0131lm\u0131\u015f olan acil durum eylem plan\u0131; tehlike s\u0131n\u0131f\u0131na g\u00f6re;<\/h4>\n<ul>\n<li>\u00c7ok tehlikeli \u2013 2 y\u0131lda<\/li>\n<li>Tehlikeli \u2013 4 y\u0131lda<\/li>\n<li>Az tehlikeli \u2013 6 y\u0131lda bir yenilenir.<\/li>\n<\/ul>\n<p>\u0130\u015f yerinde, belirlenmi\u015f olan acil durumlar\u0131 etkileyebilecek veya yeni acil durumlar\u0131n ortaya \u00e7\u0131kmas\u0131na neden olacak de\u011fi\u015fikliklerin meydana gelmesi halinde etkinin b\u00fcy\u00fckl\u00fc\u011f\u00fcne g\u00f6re acil durum plan\u0131 tamamen veya k\u0131smen yenilenir.[\/vc_column_text][\/vc_column][\/vc_row]<\/p>\n","protected":false},"excerpt":{"rendered":"<p>[vc_row css=&#8221;.vc_custom_1544005063292{background-color: #f5b66e !important;}&#8221;][vc_column][vc_column_text css=&#8221;.vc_custom_1544009697961{margin-top: -50px !important;margin-bottom: -50px !important;}&#8221;] Acil durum, \u0130\u015f yerinin tamam\u0131nda veya bir k\u0131sm\u0131nda meydana gelebilecek yang\u0131n, patlama, tehlikeli kimyasal maddelerden kaynaklanan yay\u0131l\u0131m, do\u011fal afet gibi acil m\u00fcdahale, m\u00fccadele, ilk yard\u0131m veya tahliye gerektiren olaylar\u0131, Acil durum plan\u0131 ise i\u015f yerlerinde meydana gelebilecek acil durumlarda yap\u0131lacak i\u015f ve i\u015flemler dahil bilgilerin ve [&hellip;]<\/p>\n","protected":false},"author":4852,"featured_media":0,"parent":0,"menu_order":0,"comment_status":"closed","ping_status":"closed","template":"page-templates\/template-fullwidth.php","meta":[],"_links":{"self":[{"href":"https:\/\/cerrahpasa.com.tr\/index.php?rest_route=\/wp\/v2\/pages\/1749"}],"collection":[{"href":"https:\/\/cerrahpasa.com.tr\/index.php?rest_route=\/wp\/v2\/pages"}],"about":[{"href":"https:\/\/cerrahpasa.com.tr\/index.php?rest_route=\/wp\/v2\/types\/page"}],"author":[{"embeddable":true,"href":"https:\/\/cerrahpasa.com.tr\/index.php?rest_route=\/wp\/v2\/users\/4852"}],"replies":[{"embeddable":true,"href":"https:\/\/cerrahpasa.com.tr\/index.php?rest_route=%2Fwp%2Fv2%2Fcomments&post=1749"}],"version-history":[{"count":3,"href":"https:\/\/cerrahpasa.com.tr\/index.php?rest_route=\/wp\/v2\/pages\/1749\/revisions"}],"predecessor-version":[{"id":1753,"href":"https:\/\/cerrahpasa.com.tr\/index.php?rest_route=\/wp\/v2\/pages\/1749\/revisions\/1753"}],"wp:attachment":[{"href":"https:\/\/cerrahpasa.com.tr\/index.php?rest_route=%2Fwp%2Fv2%2Fmedia&parent=1749"}],"curies":[{"name":"wp","href":"https:\/\/api.w.org\/{rel}","templated":true}]}}