{"id":1754,"date":"2018-12-05T14:44:13","date_gmt":"2018-12-05T11:44:13","guid":{"rendered":"https:\/\/cerrahpasa.com.tr\/?page_id=1754"},"modified":"2018-12-05T14:45:40","modified_gmt":"2018-12-05T11:45:40","slug":"is-hukuku-danismanligi","status":"publish","type":"page","link":"https:\/\/cerrahpasa.com.tr\/?page_id=1754","title":{"rendered":"\u0130\u015f Hukuku Dan\u0131\u015fmanl\u0131\u011f\u0131"},"content":{"rendered":"<p>[vc_row css=&#8221;.vc_custom_1544005063292{background-color: #f5b66e !important;}&#8221;][vc_column][vc_column_text css=&#8221;.vc_custom_1544010344781{margin-top: -50px !important;margin-bottom: -50px !important;}&#8221;]CERRAHPA\u015eA OSGB \u0130\u015f Hukuku Avukatlar\u0131, \u00e7al\u0131\u015fanlar\u0131n haks\u0131z talepleri\u00a0 ile a\u00e7\u0131lmas\u0131 muhtemel veya a\u00e7\u0131lm\u0131\u015f i\u015f davalar\u0131ndaki ma\u011fduriyetinizi \u00f6nlemeye y\u00f6nelik \u00e7al\u0131\u015fmalar\u0131yla g\u00fcvenilir \u00e7\u00f6z\u00fcm orta\u011f\u0131n\u0131z olacaklard\u0131r.[\/vc_column_text][\/vc_column][\/vc_row][vc_row][vc_column][vc_empty_space][\/vc_column][\/vc_row]<\/p>\n","protected":false},"excerpt":{"rendered":"<p>[vc_row css=&#8221;.vc_custom_1544005063292{background-color: #f5b66e !important;}&#8221;][vc_column][vc_column_text css=&#8221;.vc_custom_1544010344781{margin-top: -50px !important;margin-bottom: -50px !important;}&#8221;]CERRAHPA\u015eA OSGB \u0130\u015f Hukuku Avukatlar\u0131, \u00e7al\u0131\u015fanlar\u0131n haks\u0131z talepleri\u00a0 ile a\u00e7\u0131lmas\u0131 muhtemel veya a\u00e7\u0131lm\u0131\u015f i\u015f davalar\u0131ndaki ma\u011fduriyetinizi \u00f6nlemeye y\u00f6nelik \u00e7al\u0131\u015fmalar\u0131yla g\u00fcvenilir \u00e7\u00f6z\u00fcm orta\u011f\u0131n\u0131z olacaklard\u0131r.[\/vc_column_text][\/vc_column][\/vc_row][vc_row][vc_column][vc_empty_space][\/vc_column][\/vc_row]<\/p>\n","protected":false},"author":4852,"featured_media":0,"parent":0,"menu_order":0,"comment_status":"closed","ping_status":"closed","template":"page-templates\/template-fullwidth.php","meta":[],"_links":{"self":[{"href":"https:\/\/cerrahpasa.com.tr\/index.php?rest_route=\/wp\/v2\/pages\/1754"}],"collection":[{"href":"https:\/\/cerrahpasa.com.tr\/index.php?rest_route=\/wp\/v2\/pages"}],"about":[{"href":"https:\/\/cerrahpasa.com.tr\/index.php?rest_route=\/wp\/v2\/types\/page"}],"author":[{"embeddable":true,"href":"https:\/\/cerrahpasa.com.tr\/index.php?rest_route=\/wp\/v2\/users\/4852"}],"replies":[{"embeddable":true,"href":"https:\/\/cerrahpasa.com.tr\/index.php?rest_route=%2Fwp%2Fv2%2Fcomments&post=1754"}],"version-history":[{"count":3,"href":"https:\/\/cerrahpasa.com.tr\/index.php?rest_route=\/wp\/v2\/pages\/1754\/revisions"}],"predecessor-version":[{"id":1758,"href":"https:\/\/cerrahpasa.com.tr\/index.php?rest_route=\/wp\/v2\/pages\/1754\/revisions\/1758"}],"wp:attachment":[{"href":"https:\/\/cerrahpasa.com.tr\/index.php?rest_route=%2Fwp%2Fv2%2Fmedia&parent=1754"}],"curies":[{"name":"wp","href":"https:\/\/api.w.org\/{rel}","templated":true}]}}