{"id":279,"date":"2015-05-28T02:05:35","date_gmt":"2015-05-27T23:05:35","guid":{"rendered":"http:\/\/demo.vegatheme.com\/biss\/?page_id=279"},"modified":"2018-12-04T08:19:13","modified_gmt":"2018-12-04T05:19:13","slug":"iletisim","status":"publish","type":"page","link":"https:\/\/cerrahpasa.com.tr\/?page_id=279","title":{"rendered":"\u0130leti\u015fim"},"content":{"rendered":"<p>[vc_row overlay=&#8221;no&#8221; ses_title=&#8221;&#8221; align_title=&#8221;left&#8221; wrap_class=&#8221;&#8221;][vc_column width=&#8221;2\/3&#8243; title=&#8221;&#8221;]<p class=\"section-subtitle\" style=\"font-size: 18px;text-align: left;\">TANI\u015eMAK \u0130\u00c7\u0130N SABIRSIZLANIYORUZ<\/p><h2 class=\"section-title\" style=\"font-size: 48px;text-align: left;\">\u0130SG H\u0130ZMETLER\u0130 HUSUSUNDA \u00c7\u00d6Z\u00dcM ORTA\u011eINIZ OLMAKTAN GURUR DUYARIZ<\/h2><div role=\"form\" class=\"wpcf7\" id=\"wpcf7-f276-o1\" lang=\"en-US\" dir=\"ltr\">\n<div class=\"screen-reader-response\"><p role=\"status\" aria-live=\"polite\" aria-atomic=\"true\"><\/p> <ul><\/ul><\/div>\n<form action=\"\/index.php?rest_route=%2Fwp%2Fv2%2Fpages%2F279#wpcf7-f276-o1\" method=\"post\" class=\"wpcf7-form init\" novalidate=\"novalidate\" data-status=\"init\">\n<div style=\"display: none;\">\n<input type=\"hidden\" name=\"_wpcf7\" value=\"276\" \/>\n<input type=\"hidden\" name=\"_wpcf7_version\" value=\"5.6.4\" \/>\n<input type=\"hidden\" name=\"_wpcf7_locale\" value=\"en_US\" \/>\n<input type=\"hidden\" name=\"_wpcf7_unit_tag\" value=\"wpcf7-f276-o1\" \/>\n<input type=\"hidden\" name=\"_wpcf7_container_post\" value=\"0\" \/>\n<input type=\"hidden\" name=\"_wpcf7_posted_data_hash\" value=\"\" \/>\n<\/div>\n<div class=\"comment-form margin-top-0\">\n<div class=\"form-elem form-elem-full\"><label for=\"name\">Size Nas\u0131l Yard\u0131mc\u0131 Olabiliriz<\/label><label class=\"standard\"><span class=\"wpcf7-form-control-wrap\" data-name=\"message-type\"><span class=\"wpcf7-form-control wpcf7-radio\"><span class=\"wpcf7-list-item first\"><input type=\"radio\" name=\"message-type\" value=\"- Araman\u0131z\u0131 \u0130stiyorum\" \/><span class=\"wpcf7-list-item-label\">- Araman\u0131z\u0131 \u0130stiyorum<\/span><\/span><span class=\"wpcf7-list-item last\"><input type=\"radio\" name=\"message-type\" value=\"- Hizmet Almak \u0130stiyorum\" \/><span class=\"wpcf7-list-item-label\">- Hizmet Almak \u0130stiyorum<\/span><\/span><\/span><\/span><\/div>\n<div class=\"form-elem form-elem-full\"><label for=\"name\">Ad\u0131n\u0131z (zorunlu)<\/label><span class=\"wpcf7-form-control-wrap\" data-name=\"your-name\"><input type=\"text\" name=\"your-name\" value=\"\" size=\"40\" class=\"wpcf7-form-control wpcf7-text wpcf7-validates-as-required\" aria-required=\"true\" aria-invalid=\"false\" placeholder=\"isim soyisim...\" \/><\/span><\/div>\n<div class=\"form-elem form-elem-full\"><label for=\"email\">Mail Adresiniz (zorunlu)<\/label><span class=\"wpcf7-form-control-wrap\" data-name=\"your-email\"><input type=\"email\" name=\"your-email\" value=\"\" size=\"40\" class=\"wpcf7-form-control wpcf7-text wpcf7-email wpcf7-validates-as-required wpcf7-validates-as-email\" aria-required=\"true\" aria-invalid=\"false\" placeholder=\"e-postan\u0131z...\" \/><\/span><\/div>\n<div class=\"form-elem form-elem-full\"><label for=\"company\">Firma \u0130sminiz<\/label><span class=\"wpcf7-form-control-wrap\" data-name=\"your-company\"><input type=\"text\" name=\"your-company\" value=\"\" size=\"40\" class=\"wpcf7-form-control wpcf7-text\" aria-invalid=\"false\" placeholder=\"firma isminiz...\" \/><\/span><\/div>\n<div class=\"form-elem form-elem-full\"><label for=\"phone\">Telefon Numaran\u0131z<\/label><span class=\"wpcf7-form-control-wrap\" data-name=\"your-phonenumber\"><input type=\"tel\" name=\"your-phonenumber\" value=\"\" size=\"40\" class=\"wpcf7-form-control wpcf7-text wpcf7-tel wpcf7-validates-as-tel\" aria-invalid=\"false\" placeholder=\"telefon numaran\u0131z...\" \/><\/span><\/div>\n<div class=\"form-elem form-elem-full\"><label for=\"message\">Mesaj\u0131n\u0131z (zorunlu)<\/label><span class=\"wpcf7-form-control-wrap\" data-name=\"your-message\"><textarea name=\"your-message\" cols=\"40\" rows=\"10\" class=\"wpcf7-form-control wpcf7-textarea wpcf7-validates-as-required\" aria-required=\"true\" aria-invalid=\"false\" placeholder=\"size nas\u0131l yard\u0131mc\u0131 olabiliriz?\"><\/textarea><\/span><\/div>\n<div class=\"form-elem form-elem-full\"><input type=\"submit\" value=\"Mesaj\u0131 Yolla\" class=\"wpcf7-form-control has-spinner wpcf7-submit biss-btn biss-btn-primary\" id=\"sendMessageBtn\" \/><\/div>\n<\/div>\n<div class=\"wpcf7-response-output\" aria-hidden=\"true\"><\/div><\/form><\/div>[\/vc_column][vc_column width=&#8221;1\/3&#8243; title=&#8221;&#8221;][vc_empty_space height=&#8221;70px&#8221;]<h3 class=\"widget-title\" style=\"font-size: 18px;text-align: left;\">KONUMUMUZ VE \u0130LET\u0130\u015e\u0130M B\u0130LG\u0130LER\u0130M\u0130Z<\/h3>[vc_column_text el_class=&#8221;margin-top-0&#8243;]\u0130\u015f Sa\u011fl\u0131\u011f\u0131 ve G\u00fcvenli\u011fi konular\u0131ndaki her t\u00fcrl\u00fc sorunuz i\u00e7in ister misafirimiz olun, isterseniz de aray\u0131n.[\/vc_column_text][vc_gmaps link=&#8221;#E-8_JTNDaWZyYW1lJTIwc3JjJTNEJTIyaHR0cHMlM0ElMkYlMkZ3d3cuZ29vZ2xlLmNvbSUyRm1hcHMlMkZlbWJlZCUzRnBiJTNEJTIxMW0xOCUyMTFtMTIlMjExbTMlMjExZDMwMDcuODYxNTkxOTE4Nzk2NCUyMTJkMjguODY2NzEwNTQzMjk4ODQ0JTIxM2Q0MS4wNzIwMTc5ODUzNTg5JTIxMm0zJTIxMWYwJTIxMmYwJTIxM2YwJTIxM20yJTIxMWkxMDI0JTIxMmk3NjglMjE0ZjEzLjElMjEzbTMlMjExbTIlMjExczB4MCUyNTNBMHgwJTIxMnpOREhDc0RBMEp6RTVMak1pVGlBeU9NS3dOVEluTURZdU9DSkYlMjE1ZTAlMjEzbTIlMjExc3RyJTIxMnN0ciUyMTR2MTU0Mzg1ODQ4Nzk3OCUyMiUyMHdpZHRoJTNEJTIyMzAwJTIyJTIwaGVpZ2h0JTNEJTIyMzAwJTIyJTIwZnJhbWVib3JkZXIlM0QlMjIwJTIyJTIwc3R5bGUlM0QlMjJib3JkZXIlM0EwJTIyJTIwYWxsb3dmdWxsc2NyZWVuJTNFJTNDJTJGaWZyYW1lJTNF&#8221;][vc_empty_space height=&#8221;0&#8243; el_class=&#8221;widget&#8221;]<h3 class=\"widget-title\" style=\"font-size: 18px;text-align: left;\">\u0130LET\u0130\u015e\u0130M<\/h3>[vc_column_text el_class=&#8221;margin-top-0&#8243; css=&#8221;.vc_custom_1543852167412{margin-top: 0px !important;margin-bottom: 0px !important;}&#8221;]T\u00fcrkiye&#8217;nin En Nitelikli OSGB&#8217;siyle Sizde Tan\u0131\u015f\u0131n[\/vc_column_text][vc_column_text css=&#8221;.vc_custom_1543852210225{margin-top: 0px !important;margin-bottom: 0px !important;}&#8221;]<i class=\"fa fa-map-marker primary-color\"><\/i> Oru\u00e7reis Mah. Tekstilkent Cad. A15\/35 Esenler, \u0130stanbul[\/vc_column_text][vc_column_text css=&#8221;.vc_custom_1543852227205{margin-top: 0px !important;margin-bottom: 0px !important;}&#8221;]<i class=\"fa fa-phone primary-color\"><\/i> 0212 438 78 28[\/vc_column_text][vc_column_text css=&#8221;.vc_custom_1543852251882{margin-top: 0px !important;margin-bottom: 0px !important;}&#8221;]<i class=\"fa fa-fax primary-color\"><\/i> 0212 438 78 18[\/vc_column_text][vc_column_text css=&#8221;.vc_custom_1543852277682{margin-top: 0px !important;margin-bottom: 0px !important;}&#8221;]<i class=\"fa fa-envelope primary-color\"><\/i> <a href=\"mailto:info@cerrahpasa.com.tr\">info@cerrahpasa.com.tr<\/a>[\/vc_column_text][\/vc_column][\/vc_row]<\/p>\n","protected":false},"excerpt":{"rendered":"<p>[vc_row overlay=&#8221;no&#8221; ses_title=&#8221;&#8221; align_title=&#8221;left&#8221; wrap_class=&#8221;&#8221;][vc_column width=&#8221;2\/3&#8243; title=&#8221;&#8221;][\/vc_column][vc_column width=&#8221;1\/3&#8243; title=&#8221;&#8221;][vc_empty_space height=&#8221;70px&#8221;][vc_column_text el_class=&#8221;margin-top-0&#8243;]\u0130\u015f Sa\u011fl\u0131\u011f\u0131 ve G\u00fcvenli\u011fi konular\u0131ndaki her t\u00fcrl\u00fc sorunuz i\u00e7in ister misafirimiz olun, isterseniz de aray\u0131n.[\/vc_column_text][vc_gmaps link=&#8221;#E-8_JTNDaWZyYW1lJTIwc3JjJTNEJTIyaHR0cHMlM0ElMkYlMkZ3d3cuZ29vZ2xlLmNvbSUyRm1hcHMlMkZlbWJlZCUzRnBiJTNEJTIxMW0xOCUyMTFtMTIlMjExbTMlMjExZDMwMDcuODYxNTkxOTE4Nzk2NCUyMTJkMjguODY2NzEwNTQzMjk4ODQ0JTIxM2Q0MS4wNzIwMTc5ODUzNTg5JTIxMm0zJTIxMWYwJTIxMmYwJTIxM2YwJTIxM20yJTIxMWkxMDI0JTIxMmk3NjglMjE0ZjEzLjElMjEzbTMlMjExbTIlMjExczB4MCUyNTNBMHgwJTIxMnpOREhDc0RBMEp6RTVMak1pVGlBeU9NS3dOVEluTURZdU9DSkYlMjE1ZTAlMjEzbTIlMjExc3RyJTIxMnN0ciUyMTR2MTU0Mzg1ODQ4Nzk3OCUyMiUyMHdpZHRoJTNEJTIyMzAwJTIyJTIwaGVpZ2h0JTNEJTIyMzAwJTIyJTIwZnJhbWVib3JkZXIlM0QlMjIwJTIyJTIwc3R5bGUlM0QlMjJib3JkZXIlM0EwJTIyJTIwYWxsb3dmdWxsc2NyZWVuJTNFJTNDJTJGaWZyYW1lJTNF&#8221;][vc_empty_space height=&#8221;0&#8243; el_class=&#8221;widget&#8221;][vc_column_text el_class=&#8221;margin-top-0&#8243; css=&#8221;.vc_custom_1543852167412{margin-top: 0px !important;margin-bottom: 0px !important;}&#8221;]T\u00fcrkiye&#8217;nin En Nitelikli OSGB&#8217;siyle Sizde Tan\u0131\u015f\u0131n[\/vc_column_text][vc_column_text css=&#8221;.vc_custom_1543852210225{margin-top: 0px !important;margin-bottom: 0px !important;}&#8221;] Oru\u00e7reis Mah. Tekstilkent Cad. A15\/35 Esenler, \u0130stanbul[\/vc_column_text][vc_column_text css=&#8221;.vc_custom_1543852227205{margin-top: 0px !important;margin-bottom: 0px [&hellip;]<\/p>\n","protected":false},"author":4852,"featured_media":0,"parent":0,"menu_order":0,"comment_status":"open","ping_status":"closed","template":"page-templates\/template-fullwidth.php","meta":[],"_links":{"self":[{"href":"https:\/\/cerrahpasa.com.tr\/index.php?rest_route=\/wp\/v2\/pages\/279"}],"collection":[{"href":"https:\/\/cerrahpasa.com.tr\/index.php?rest_route=\/wp\/v2\/pages"}],"about":[{"href":"https:\/\/cerrahpasa.com.tr\/index.php?rest_route=\/wp\/v2\/types\/page"}],"author":[{"embeddable":true,"href":"https:\/\/cerrahpasa.com.tr\/index.php?rest_route=\/wp\/v2\/users\/4852"}],"replies":[{"embeddable":true,"href":"https:\/\/cerrahpasa.com.tr\/index.php?rest_route=%2Fwp%2Fv2%2Fcomments&post=279"}],"version-history":[{"count":11,"href":"https:\/\/cerrahpasa.com.tr\/index.php?rest_route=\/wp\/v2\/pages\/279\/revisions"}],"predecessor-version":[{"id":1683,"href":"https:\/\/cerrahpasa.com.tr\/index.php?rest_route=\/wp\/v2\/pages\/279\/revisions\/1683"}],"wp:attachment":[{"href":"https:\/\/cerrahpasa.com.tr\/index.php?rest_route=%2Fwp%2Fv2%2Fmedia&parent=279"}],"curies":[{"name":"wp","href":"https:\/\/api.w.org\/{rel}","templated":true}]}}