{"id":320,"date":"2015-05-28T04:31:03","date_gmt":"2015-05-28T01:31:03","guid":{"rendered":"http:\/\/demo.vegatheme.com\/biss\/?page_id=320"},"modified":"2018-12-05T16:00:10","modified_gmt":"2018-12-05T13:00:10","slug":"hizmetlerimiz","status":"publish","type":"page","link":"https:\/\/cerrahpasa.com.tr\/?page_id=320","title":{"rendered":"Faaliyet Alanlar\u0131m\u0131z"},"content":{"rendered":"<p>[vc_row overlay=&#8221;no&#8221; align_title=&#8221;left&#8221; el_class=&#8221;padding-bottom-40 border-bottom-1&#8243;][vc_column title=&#8221;&#8221;]<p class=\"margin-top-0 font-bold\" style=\"text-align: left;\">Kurulu\u015fumuzun en \u00f6nemli amac\u0131 ise, ba\u015fta hizmet sundu\u011fumuz i\u015fyerlerinde i\u015f sa\u011fl\u0131\u011f\u0131 ve g\u00fcvenli\u011fi k\u00fclt\u00fcr\u00fcn\u00fc geli\u015ftirmek, saha uygulamalar\u0131 ve yasal mevzuat kapsam\u0131nda i\u015fyerlerinin gerekli dok\u00fcmantasyonlar\u0131n\u0131n sa\u011flanmas\u0131nda \u00f6ncelikli ve nicel tespitleri ortaya koyarak, risklerinizi ortadan kald\u0131rmaya kald\u0131r\u0131lamad\u0131\u011f\u0131 durumlarda en aza indirmeye yard\u0131mc\u0131 olmakt\u0131r.<\/p>[vc_empty_space][\/vc_column][\/vc_row][vc_row align_title=&#8221;left&#8221; css=&#8221;.vc_custom_1543849118665{background-image: url(https:\/\/cerrahpasa.com.tr\/wp-content\/uploads\/2015\/06\/bg2.jpg?id=979) !important;background-position: center !important;background-repeat: no-repeat !important;background-size: cover !important;}&#8221; el_class=&#8221;transparent-bg-white&#8221;][vc_column width=&#8221;1\/3&#8243; title=&#8221;&#8221;]\r\n\t\t<div class=\"service-2\">\r\n\t\t<i class=\"fa fa-industry\"><\/i>\t\t<p class=\"title\" style=\"\">\u0130\u015f G\u00fcvenli\u011fi Uzman\u0131 Hizmeti<\/p>\t\t<p style=\"\">\u0130\u015f g\u00fcvenli\u011fi uzman\u0131 taraf\u0131ndan \u00e7al\u0131\u015fanlara rehberlik, dan\u0131\u015fmanl\u0131k, risk de\u011ferlendirme hizmetleriyle&#8230;\u00a0 \u00a0\u00a0<a href=\"https:\/\/cerrahpasa.com.tr\/is-guvenligi-uzmanligi-hizmeti\/\"><em>Devam\u0131<\/em><\/a><\/p>\t<\/div>\r\n\t\r\n\t\r\n\t\t<div class=\"service-2\">\r\n\t\t<i class=\"fa fa-exclamation-triangle\"><\/i>\t\t<p class=\"title\" style=\"\">Risk De\u011ferlendirme Analizi<\/p>\t\t<p style=\"\">\u0130\u015fyerinde var olan ya da d\u0131\u015far\u0131dan gelebilecek tehlikelerin belirlenmesi, bu tehlikelerin riske d\u00f6n\u00fc\u015fmesine&#8230;\u00a0\u00a0 \u00a0<a href=\"#\"><em>Devam\u0131\u00a0<\/em>\u00a0<\/a><\/p>\t<\/div>\r\n\t\r\n\t\r\n\t\t<div class=\"service-2\">\r\n\t\t<i class=\"fa fa-bomb\"><\/i>\t\t<p class=\"title\" style=\"\">Patlamadan Korunma Dok\u00fcman\u0131<\/p>\t\t<p style=\"\">\u0130\u015fyerlerinde olu\u015fabilecek patlay\u0131c\u0131 ortamlar\u0131n tehlikelerinden \u00e7al\u0131\u015fanlar\u0131n sa\u011fl\u0131k ve g\u00fcvenli\u011fini korumak amac\u0131yla&#8230;\u00a0 <a href=\"https:\/\/cerrahpasa.com.tr\/patlamadan-korunma-dokumani\/\"><em>\u00a0Devam\u0131<\/em><\/a><\/p>\t<\/div>\r\n\t\r\n\t\r\n\t\t<div class=\"service-2\">\r\n\t\t<i class=\"fa fa-user\"><\/i>\t\t<p class=\"title\" style=\"\">\u0130\u015f Sa\u011fl\u0131\u011f\u0131 ve G\u00fcvenli\u011fi E\u011fitimleri<\/p>\t\t<p style=\"\">\u0130\u015f sa\u011fl\u0131\u011f\u0131 ve g\u00fcvenli\u011fi (\u0130SG) e\u011fitimi g\u00fcvenlik k\u00fclt\u00fcr\u00fc kazan\u0131lmas\u0131nda son derece \u00f6nemlidir. Yap\u0131lan ara\u015ft\u0131rmalar&#8230;\u00a0 \u00a0<a href=\"https:\/\/cerrahpasa.com.tr\/isg-egitim\/\"><em>\u00a0Devam\u0131<\/em><\/a><\/p>\t<\/div>\r\n\t\r\n\t[\/vc_column][vc_column width=&#8221;1\/3&#8243; title=&#8221;&#8221;]\r\n\t\t<div class=\"service-2\">\r\n\t\t<i class=\"fa fa-user-md\"><\/i>\t\t<p class=\"title\" style=\"\">\u0130\u015fyeri Hekimi Hizmeti<\/p>\t\t<p style=\"\">\u0130\u015f yeri hekimli\u011fi, firma \u00e7al\u0131\u015fanlar\u0131na i\u015fyeri hekimi taraf\u0131ndan verilen rehberlik ve dan\u0131\u015fmanl\u0131k hizmetleriyle&#8230;\u00a0 \u00a0<a href=\"https:\/\/cerrahpasa.com.tr\/isyeri-hekimi-hizmeti\/\"><em>Devam\u0131\u00a0<\/em>\u00a0<\/a><\/p>\t<\/div>\r\n\t\r\n\t\r\n\t\t<div class=\"service-2\">\r\n\t\t<i class=\"fa fa-fire-extinguisher\"><\/i>\t\t<p class=\"title\" style=\"\">Acil Durum Eylem Plan\u0131<\/p>\t\t<p style=\"\">Acil durum plan\u0131 ise i\u015f yerlerinde meydana gelebilecek acil durumlarda yap\u0131lacak i\u015f ve i\u015flemler dahil bilgilerin&#8230;\u00a0 \u00a0<a href=\"https:\/\/cerrahpasa.com.tr\/acil-durum-eylem-plani\/\"><em>Devam\u0131\u00a0<\/em>\u00a0<\/a><\/p>\t<\/div>\r\n\t\r\n\t\r\n\t\t<div class=\"service-2\">\r\n\t\t<i class=\"fa fa-check\"><\/i>\t\t<p class=\"title\" style=\"\">Ba\u011f\u0131ms\u0131z \u0130SG Denetimi Hizmeti<\/p>\t\t<p style=\"\">A, B, C S\u0131n\u0131f\u0131 \u0130\u015f G\u00fcvenli\u011fi Uzmanlar\u0131yla, Emekli \u0130\u015f M\u00fcfetti\u015fleriyle, Akademisyenler ve konular\u0131nda&#8230;.\u00a0 <a href=\"https:\/\/cerrahpasa.com.tr\/bagimsiz-isg-denetimi-hizmeti\/\"><em>\u00a0Devam\u0131<\/em><\/a><\/p>\t<\/div>\r\n\t\r\n\t[\/vc_column][vc_column width=&#8221;1\/3&#8243; title=&#8221;&#8221;]\r\n\t\t<div class=\"service-2\">\r\n\t\t<i class=\"fa fa-heartbeat\"><\/i>\t\t<p class=\"title\" style=\"\">Sa\u011fl\u0131k Personeli<\/p>\t\t<p style=\"\">\u0130\u015fyeri hekimi istihdam\u0131na ek olarak mevzuat\u00e7a zorunlu g\u00f6r\u00fclen di\u011fer sa\u011fl\u0131k personeli hizmetlerini&#8230; \u00a0<a href=\"https:\/\/cerrahpasa.com.tr\/saglik-personeli\/\"><em>\u00a0Devam\u0131<\/em><\/a><\/p>\t<\/div>\r\n\t\r\n\t\r\n\t\t<div class=\"service-2\">\r\n\t\t<i class=\"fa fa-gavel\"><\/i>\t\t<p class=\"title\" style=\"\">\u0130\u015f Hukuku Dan\u0131\u015fmanl\u0131\u011f\u0131<\/p>\t\t<p style=\"\">\u0130\u015f Hukuku Avukatlar\u0131, \u00e7al\u0131\u015fanlar\u0131n haks\u0131z talepleri ile a\u00e7\u0131lmas\u0131 muhtemel veya a\u00e7\u0131lm\u0131\u015f i\u015f davalar\u0131ndaki&#8230; \u00a0\u00a0<a href=\"https:\/\/cerrahpasa.com.tr\/is-hukuku-danismanligi\/\"><em>Devam\u0131\u00a0<\/em>\u00a0<\/a><\/p>\t<\/div>\r\n\t\r\n\t\r\n\t\t<div class=\"service-2\">\r\n\t\t<i class=\"fa fa-graduation-cap\"><\/i>\t\t<p class=\"title\" style=\"\">Mesleki E\u011fitim Hizmetleri<\/p>\t\t<p style=\"\">Tehlikeli ve \u00e7ok tehlikeli i\u015flerde \u00e7al\u0131\u015ft\u0131r\u0131lacaklar\u0131n e\u011fitimlerine dair y\u00f6netmelik gere\u011fi bu grupta bulunan&#8230; \u00a0<a href=\"https:\/\/cerrahpasa.com.tr\/mesleki-egitim-hizmetleri\/\"><em>\u00a0Devam\u0131<\/em><\/a><\/p>\t<\/div>\r\n\t\r\n\t[\/vc_column][\/vc_row][vc_row align_title=&#8221;left&#8221; css=&#8221;.vc_custom_1543850821000{margin-top: -100px !important;background-color: #ecedf1 !important;}&#8221;][vc_column title=&#8221;&#8221;]\r\n\t<div class=\"action-block-1\">\r\n\t\t<div class=\"width-66 float-left\">\r\n\t\t<p class=\"h\" style=\"\">N\u0130TEL\u0130KL\u0130 <strong>\u0130\u015e SA\u011eLI\u011eI VE G\u00dcVENL\u0130\u011e\u0130<\/strong> H\u0130ZMETLERM\u0130ZDEN YARARLANIN<\/p>\r\n\t\t<p style=\"\">\u0130SG alanlarda nitelikli ve Entegre Hizmet Anlay\u0131\u015f\u0131 ile \u00e7\u00f6z\u00fcmler \u00fcretmekteyiz.<\/p>\t\t\r\n\t\t<\/div>\r\n\r\n\t\t<div class=\"width-33 float-rights\">\r\n\t\t\t<a href=\"#\" class=\"biss-btn biss-btn-primary width-50 float-left sm-width-100 md-width-100\">TEKL\u0130F AL<\/a>\r\n\t\t\t<a href=\"#\" class=\"biss-btn biss-btn-secondary width-50 float-rights sm-width-100 md-width-100\">HIZLI TEKL\u0130F AL<\/a>\r\n\t\t<\/div>\r\n\t<\/div>\r\n\r\n\t[\/vc_column][\/vc_row]<\/p>\n","protected":false},"excerpt":{"rendered":"<p>[vc_row overlay=&#8221;no&#8221; align_title=&#8221;left&#8221; el_class=&#8221;padding-bottom-40 border-bottom-1&#8243;][vc_column title=&#8221;&#8221;][vc_empty_space][\/vc_column][\/vc_row][vc_row align_title=&#8221;left&#8221; css=&#8221;.vc_custom_1543849118665{background-image: url(https:\/\/cerrahpasa.com.tr\/wp-content\/uploads\/2015\/06\/bg2.jpg?id=979) !important;background-position: center !important;background-repeat: no-repeat !important;background-size: cover !important;}&#8221; el_class=&#8221;transparent-bg-white&#8221;][vc_column width=&#8221;1\/3&#8243; title=&#8221;&#8221;][\/vc_column][vc_column width=&#8221;1\/3&#8243; title=&#8221;&#8221;][\/vc_column][vc_column width=&#8221;1\/3&#8243; title=&#8221;&#8221;][\/vc_column][\/vc_row][vc_row align_title=&#8221;left&#8221; css=&#8221;.vc_custom_1543850821000{margin-top: -100px !important;background-color: #ecedf1 !important;}&#8221;][vc_column title=&#8221;&#8221;][\/vc_column][\/vc_row]<\/p>\n","protected":false},"author":4852,"featured_media":0,"parent":0,"menu_order":0,"comment_status":"open","ping_status":"closed","template":"page-templates\/template-fullwidth.php","meta":[],"_links":{"self":[{"href":"https:\/\/cerrahpasa.com.tr\/index.php?rest_route=\/wp\/v2\/pages\/320"}],"collection":[{"href":"https:\/\/cerrahpasa.com.tr\/index.php?rest_route=\/wp\/v2\/pages"}],"about":[{"href":"https:\/\/cerrahpasa.com.tr\/index.php?rest_route=\/wp\/v2\/types\/page"}],"author":[{"embeddable":true,"href":"https:\/\/cerrahpasa.com.tr\/index.php?rest_route=\/wp\/v2\/users\/4852"}],"replies":[{"embeddable":true,"href":"https:\/\/cerrahpasa.com.tr\/index.php?rest_route=%2Fwp%2Fv2%2Fcomments&post=320"}],"version-history":[{"count":38,"href":"https:\/\/cerrahpasa.com.tr\/index.php?rest_route=\/wp\/v2\/pages\/320\/revisions"}],"predecessor-version":[{"id":1797,"href":"https:\/\/cerrahpasa.com.tr\/index.php?rest_route=\/wp\/v2\/pages\/320\/revisions\/1797"}],"wp:attachment":[{"href":"https:\/\/cerrahpasa.com.tr\/index.php?rest_route=%2Fwp%2Fv2%2Fmedia&parent=320"}],"curies":[{"name":"wp","href":"https:\/\/api.w.org\/{rel}","templated":true}]}}