{"id":470,"date":"2015-06-01T09:15:42","date_gmt":"2015-06-01T09:15:42","guid":{"rendered":"http:\/\/demo.vegatheme.com\/biss\/?page_id=470"},"modified":"2018-12-05T15:31:02","modified_gmt":"2018-12-05T12:31:02","slug":"homepage","status":"publish","type":"page","link":"https:\/\/cerrahpasa.com.tr\/","title":{"rendered":"Homepage"},"content":{"rendered":"<p>[vc_row fullwidth=&#8221;yes&#8221; align_title=&#8221;left&#8221; css=&#8221;.vc_custom_1433930421750{padding-top: 0px !important;padding-bottom: 0px !important;}&#8221; el_class=&#8221;padding-top-0&#8243;][vc_column title=&#8221;&#8221;][layerslider_vc id=&#8221;1&#8243; el_class=&#8221;fullwidth&#8221;][\/vc_column][\/vc_row][vc_row overlay=&#8221;no&#8221; ses_title=&#8221;&#8221; align_title=&#8221;left&#8221; wrap_class=&#8221;&#8221;][vc_column title=&#8221;&#8221;]\r\n\t<div class=\"action-block-1\">\r\n\t\t<div class=\"width-66 float-left\">\r\n\t\t<p class=\"h\" style=\"\">N\u0130TEL\u0130KL\u0130 \u0130\u015e SA\u011eLI\u011eI VE G\u00dcVENL\u0130\u011e\u0130 H\u0130ZMETLERM\u0130ZDEN YARARLANIN<\/p>\r\n\t\t<p style=\"\">\u0130SG alanlarda nitelikli ve Entegre Hizmet Anlay\u0131\u015f\u0131 ile \u00e7\u00f6z\u00fcmler \u00fcretmekteyiz.<\/p>\t\t\r\n\t\t<\/div>\r\n\r\n\t\t<div class=\"width-33 float-rights\">\r\n\t\t\t<a href=\"#\" class=\"biss-btn biss-btn-primary width-50 float-left sm-width-100 md-width-100\">TEKL\u0130F AL<\/a>\r\n\t\t\t<a href=\"#\" class=\"biss-btn biss-btn-secondary width-50 float-rights sm-width-100 md-width-100\">HIZLI TEKL\u0130 AL<\/a>\r\n\t\t<\/div>\r\n\t<\/div>\r\n\r\n\t[\/vc_column][\/vc_row][vc_row overlay=&#8221;dark&#8221; align_title=&#8221;left&#8221; css=&#8221;.vc_custom_1433926465236{background-image: url(https:\/\/cerrahpasa.com.tr\/wp-content\/uploads\/2015\/05\/1.jpg?id=11) !important;background-position: center !important;background-repeat: no-repeat !important;background-size: cover !important;}&#8221;][vc_column width=&#8221;1\/3&#8243; title=&#8221;&#8221;]\r\n\t\t<article class=\"services-1\">\t\t\r\n\t\t<span class=\"icon\" style=\"color: #ffffff;\"><i class=\"fa fa-industry\"><\/i><\/span>\t\t\r\n\t\t<div class=\"inner\">\r\n\t\t\t<p class=\"h\" style=\"color: #ffffff;\">\u0130\u015e G\u00dcVENL\u0130\u011e\u0130 UZMANLI\u011eI<\/p>\t\t\t<p style=\"color: #ffffff;\">\u0130\u015f G\u00fcvenli\u011fi hizmetleri, i\u015f g\u00fcvenli\u011fi uzman\u0131 taraf\u0131ndan \u00e7al\u0131\u015fanlara rehberlik, dan\u0131\u015fmanl\u0131k\u2026<\/p>\t\t\t<p class=\"b\"><a href=\"https:\/\/cerrahpasa.com.tr\/is-guvenligi-uzmanligi-hizmeti\/\" class=\"biss-btn biss-btn-border-primary\">DEVAMI<\/a><\/p>\t\t<\/div>\r\n\t\t<div class=\"color-bg\"><\/div>\r\n\t<\/article>\r\n\t\r\n\t[\/vc_column][vc_column width=&#8221;1\/3&#8243; title=&#8221;&#8221;]\r\n\t\t<article class=\"services-1\">\t\t\r\n\t\t<span class=\"icon\" style=\"color: #ffffff;\"><i class=\"fa fa-user-md\"><\/i><\/span>\t\t\r\n\t\t<div class=\"inner\">\r\n\t\t\t<p class=\"h\" style=\"color: #ffffff;\">\u0130\u015eYER\u0130 HEK\u0130ML\u0130\u011e\u0130<\/p>\t\t\t<p style=\"color: #ffffff;\">\u0130\u015f yeri hekimli\u011fi, firma \u00e7al\u0131\u015fanlar\u0131na i\u015fyeri hekimi taraf\u0131ndan verilen rehberlik&#8230;<\/p>\t\t\t<p class=\"b\"><a href=\"https:\/\/cerrahpasa.com.tr\/isyeri-hekimi-hizmeti\/\" class=\"biss-btn biss-btn-border-primary\">DEVAMI<\/a><\/p>\t\t<\/div>\r\n\t\t<div class=\"color-bg\"><\/div>\r\n\t<\/article>\r\n\t\r\n\t[\/vc_column][vc_column width=&#8221;1\/3&#8243; title=&#8221;&#8221;]\r\n\t\t<article class=\"services-1\">\t\t\r\n\t\t<span class=\"icon\" style=\"\"><i class=\"fa fa-heartbeat\"><\/i><\/span>\t\t\r\n\t\t<div class=\"inner\">\r\n\t\t\t<p class=\"h\" style=\"\">SA\u011eLIK PERSONEL\u0130<\/p>\t\t\t<p style=\"\">\u0130\u015f sa\u011fl\u0131\u011f\u0131 ve g\u00fcvenli\u011fi hizmetlerinde i\u015fyeri hekimi istihdam\u0131na ek olarak di\u011fer sa\u011fl\u0131k&#8230;<\/p>\t\t\t<p class=\"b\"><a href=\"https:\/\/cerrahpasa.com.tr\/saglik-personeli\/\" class=\"biss-btn biss-btn-border-primary\">DEVAMI<\/a><\/p>\t\t<\/div>\r\n\t\t<div class=\"color-bg\"><\/div>\r\n\t<\/article>\r\n\t\r\n\t[\/vc_column][\/vc_row][vc_row align_title=&#8221;left&#8221; css=&#8221;.vc_custom_1543842398682{margin-top: -20px !important;margin-bottom: -60px !important;background-color: #ecedf1 !important;}&#8221;][vc_column width=&#8221;1\/2&#8243; title=&#8221;&#8221;]<p class=\"section-subtitle\" style=\"text-align: left;\">D\u0130\u011eER<\/p><h2 class=\"section-title\" style=\"text-align: left;\">H\u0130ZMETLER\u0130M\u0130Z<\/h2>[vc_column_text css=&#8221;.vc_custom_1543842232578{margin-bottom: 1.5rem !important;}&#8221;]<\/p>\n<ul class=\"style-1\">\n<li><i class=\"fa fa-arrow-circle-right primary-color\"><\/i>\u00a0Risk De\u011ferlendirme Analizi<\/li>\n<li><i class=\"fa fa-arrow-circle-right primary-color\"><\/i>\u00a0Acil Durum Eylem Plan\u0131<\/li>\n<li><i class=\"fa fa-arrow-circle-right primary-color\"><\/i>\u00a0Patlamadan Korunma Dok\u00fcman\u0131<\/li>\n<li><i class=\"fa fa-arrow-circle-right primary-color\"><\/i>\u00a0Ba\u011f\u0131ms\u0131z \u0130SG Denetimi Hizmeti<\/li>\n<li><i class=\"fa fa-arrow-circle-right primary-color\"><\/i>\u00a0\u0130\u015f Hukuku Dan\u0131\u015fmanl\u0131\u011f\u0131<\/li>\n<li><i class=\"fa fa-arrow-circle-right primary-color\"><\/i>\u00a0Periyodik Kontroller ve Ortam \u00d6l\u00e7\u00fcmleri<\/li>\n<li><i class=\"fa fa-arrow-circle-right primary-color\"><\/i>\u00a0E\u011fitim ve Dan\u0131\u015fmanl\u0131k Hizmetleri<\/li>\n<li><i class=\"fa fa-arrow-circle-right primary-color\"><\/i>\u00a0Periyodik Kontrol ve Ortam \u00d6l\u00e7\u00fcmleri<\/li>\n<li><\/li>\n<\/ul>\n<p>[\/vc_column_text][\/vc_column][vc_column width=&#8221;1\/2&#8243; title=&#8221;&#8221;][vc_single_image image=&#8221;1580&#8243; img_size=&#8221;full&#8221; css=&#8221;.vc_custom_1543841939669{margin-top: 0px !important;margin-bottom: 0px !important;padding-top: 0px !important;padding-bottom: 0px !important;}&#8221;][\/vc_column][\/vc_row][vc_row overlay=&#8221;dark&#8221; align_title=&#8221;center&#8221; css=&#8221;.vc_custom_1543842564956{margin-top: -50px !important;margin-bottom: -10px !important;border-bottom-width: -10px !important;background-image: url(https:\/\/cerrahpasa.com.tr\/wp-content\/uploads\/2018\/12\/slider-img-1-1.jpg?id=1522) !important;background-position: center !important;background-repeat: no-repeat !important;background-size: cover !important;}&#8221;][vc_column title=&#8221;&#8221;]<p class=\"section-subtitle\" style=\"text-align: center;\">SAYILARLA<\/p><h2 class=\"section-title\" style=\"text-align: center;color: #ffffff;\">B\u0130Z<\/h2>[\/vc_column][vc_column width=&#8221;1\/4&#8243; title=&#8221;&#8221;]\r\n\t\t<div class=\"stats-item white\">\r\n\r\n\t\t\t<span class=\"value\">21<\/span>\r\n\r\n\t\t\t<span class=\"description\">\u0130\u015f G\u00fcvenli\u011fi Uzman\u0131<\/span>\r\n\r\n\t\t<\/div>\r\n\t\r\n\t\r\n\t[\/vc_column][vc_column width=&#8221;1\/4&#8243; title=&#8221;&#8221;]\r\n\t\t<div class=\"stats-item white\">\r\n\r\n\t\t\t<span class=\"value\">8<\/span>\r\n\r\n\t\t\t<span class=\"description\">\u0130\u015fyeri Hekimi<\/span>\r\n\r\n\t\t<\/div>\r\n\t\r\n\t\r\n\t[\/vc_column][vc_column width=&#8221;1\/4&#8243; title=&#8221;&#8221;]\r\n\t\t<div class=\"stats-item white\">\r\n\r\n\t\t\t<span class=\"value\">247<\/span>\r\n\r\n\t\t\t<span class=\"description\">M\u00fc\u015fteri<\/span>\r\n\r\n\t\t<\/div>\r\n\t\r\n\t\r\n\t[\/vc_column][vc_column width=&#8221;1\/4&#8243; title=&#8221;&#8221;]\r\n\t\t<div class=\"stats-item white\">\r\n\r\n\t\t\t<span class=\"value\">78%<\/span>\r\n\r\n\t\t\t<span class=\"description\">Y\u0131ll\u0131k B\u00fcy\u00fcme<\/span>\r\n\r\n\t\t<\/div>\r\n\t\r\n\t\r\n\t[\/vc_column][\/vc_row][vc_row ses_title=&#8221;&#8221; align_title=&#8221;left&#8221; wrap_class=&#8221;&#8221;][vc_column width=&#8221;1\/2&#8243; title=&#8221;&#8221;]<p class=\"section-subtitle\" style=\"text-align: left;\">BAZI<\/p><h2 class=\"section-title\" style=\"text-align: left;\">REFERANSLARIMIZ<\/h2>\r\n\t\t\t<div class=\"logo-group sm-margin-bottom-70 md-margin-bottom-70\" id=\"logo-group\">\r\n\t\t\t\t\t\t<div class=\"logo-group-item\">\r\n\t\t\t\t<span class=\"helper\"><\/span>\r\n\t\t\t\t\r\n\t\t\t\t<img src=\"https:\/\/cerrahpasa.com.tr\/wp-content\/uploads\/2018\/12\/etihan-logo.png\" alt=\"\">\r\n\t\t\t\t\r\n\t\t\t<\/div>\r\n\t\t\t\t\t\t<div class=\"logo-group-item\">\r\n\t\t\t\t<span class=\"helper\"><\/span>\r\n\t\t\t\t\r\n\t\t\t\t<img src=\"https:\/\/cerrahpasa.com.tr\/wp-content\/uploads\/2018\/12\/dmdk-logo.png\" alt=\"\">\r\n\t\t\t\t\r\n\t\t\t<\/div>\r\n\t\t\t\t\t\t<div class=\"logo-group-item\">\r\n\t\t\t\t<span class=\"helper\"><\/span>\r\n\t\t\t\t\r\n\t\t\t\t<img src=\"https:\/\/cerrahpasa.com.tr\/wp-content\/uploads\/2018\/12\/ihlas-logo.png\" alt=\"\">\r\n\t\t\t\t\r\n\t\t\t<\/div>\r\n\t\t\t\t\t\t<div class=\"logo-group-item\">\r\n\t\t\t\t<span class=\"helper\"><\/span>\r\n\t\t\t\t\r\n\t\t\t\t<img src=\"https:\/\/cerrahpasa.com.tr\/wp-content\/uploads\/2018\/12\/abka-logo.png\" alt=\"\">\r\n\t\t\t\t\r\n\t\t\t<\/div>\r\n\t\t\t\t\t\t<div class=\"logo-group-item\">\r\n\t\t\t\t<span class=\"helper\"><\/span>\r\n\t\t\t\t\r\n\t\t\t\t<img src=\"https:\/\/cerrahpasa.com.tr\/wp-content\/uploads\/2018\/12\/borsa-istanbul-logo.png\" alt=\"\">\r\n\t\t\t\t\r\n\t\t\t<\/div>\r\n\t\t\t\t\t\t<div class=\"logo-group-item\">\r\n\t\t\t\t<span class=\"helper\"><\/span>\r\n\t\t\t\t\r\n\t\t\t\t<img src=\"https:\/\/cerrahpasa.com.tr\/wp-content\/uploads\/2018\/12\/hama-logo.png\" alt=\"\">\r\n\t\t\t\t\r\n\t\t\t<\/div>\r\n\t\t\t\t\t<\/div>\r\n\t\t<script>\r\n\t\t\t(function($) {\r\n\t\t\t\t\"use strict\";\r\n\r\n\t\t\t\t\/\/\r\n\t\t\t\t\/\/ Preload images\r\n\t\t\t\t\/\/\r\n\r\n\t\t\t\t$('document').ready(function() {\r\n\r\n\t\t\t\t\tvar $container = $('body'),\r\n\t\t\t\t\t\ttweetsTimer;\r\n\r\n\t\t\t\t\t$container.imagesLoaded( function() {\r\n\r\n\t\t\t\t\t\t\r\n\t\t\t\t\t\t$('#logo-group').rivaLogoGroup({\r\n\t\t\t\t\t\t\tselector:'logo-group-item',\r\n\t\t\t\t\t\t\tpadding:40,\r\n\t\t\t\t\t\t\trow:3\t\t\t\t\t\t});\r\n\r\n\t\t\t\t\t\t\r\n\t\t\t\t\t});\r\n\r\n\t\t\t\t\tclearTimeout(tweetsTimer);\r\n\r\n\t\t\t\t});\r\n\r\n\t\t\t})(jQuery);\r\n\t\t<\/script>\r\n\t\r\n[\/vc_column][vc_column width=&#8221;1\/2&#8243; title=&#8221;&#8221;]<p class=\"section-subtitle\" style=\"text-align: left;\">M\u00dc\u015eTER\u0130LER\u0130M\u0130Z\u0130N<\/p><h2 class=\"section-title\" style=\"text-align: left;\">YORUMLARI<\/h2>\r\n\t\t<div class=\"plugin-wrapper\" id=\"testimonials\">\r\n\r\n        \t\t<article class=\"testimonials-1-item\">\r\n\r\n\t\t\t<div class=\"content\">\r\n\r\n\t\t\t\t<i class=\"fa fa-quote-left q\"><\/i><p>&#8221; Cerrahpa\u015fa OSGB&#8217;yle \u00e7al\u0131\u015fmaya ba\u015flad\u0131\u011f\u0131m\u0131z andan itibaren daha \u00f6nce amat\u00f6r hizmet ald\u0131\u011f\u0131m\u0131z\u0131 fark ettik. Asl\u0131nda \u0130\u015f g\u00fcvenli\u011fi i\u015flemleri olduk\u00e7a \u00f6nemli bir paya sahipmi\u015f. Bu do\u011frultuda sizlere de Cerrahpa\u015fa OSGB\u2018yi tavsiye ediyoruz. &#8220;<\/p>\n\r\n\t\t\t<\/div>\r\n\r\n\t\t\t<div class=\"author\">\r\n\t\t\t\t<figure>\r\n\t\t\t\t\t<img src=\"https:\/\/cerrahpasa.com.tr\/wp-content\/uploads\/2015\/05\/il.jpg\" alt=\"\">\t\t\t\t\r\n\t\t\t\t<\/figure>\r\n\t\t\t\t<p class=\"name\">Ali Hasan \u00d6z<\/p>\r\n\t\t\t\t<p class=\"position\">Ya\u015far Makina, \u0130nsan Kaynaklar\u0131 Sorumlusu<\/p>\r\n\t\t\t<\/div>\t\t\t\r\n\r\n\t\t<\/article>\r\n\t\t\t\t<article class=\"testimonials-1-item\">\r\n\r\n\t\t\t<div class=\"content\">\r\n\r\n\t\t\t\t<i class=\"fa fa-quote-left q\"><\/i><p>&#8220;Alan\u0131nda uzman \u00e7al\u0131\u015fanlar\u0131 ve kadrosu ile birlikte vermi\u015f olduklar\u0131 OSGB Hizmetleri bizleri son derece memnun ve bilgili bir \u015fekilde b\u0131rakm\u0131\u015ft\u0131r. \u00c7al\u0131\u015fanlar\u0131m\u0131za ve bizlere olan katk\u0131lar\u0131ndan dolay\u0131 bir kez daha Cerrahpa\u015fa OSGB\u2019ye te\u015fekk\u00fcr ederiz.&#8221;<\/p>\n\r\n\t\t\t<\/div>\r\n\r\n\t\t\t<div class=\"author\">\r\n\t\t\t\t<figure>\r\n\t\t\t\t\t<img src=\"https:\/\/cerrahpasa.com.tr\/wp-content\/uploads\/2015\/05\/8164_fb0b64bc.jpg\" alt=\"\">\t\t\t\t\r\n\t\t\t\t<\/figure>\r\n\t\t\t\t<p class=\"name\">Hasim Azimlio\u011flu<\/p>\r\n\t\t\t\t<p class=\"position\">Redix Sens\u00f6r, \u0130dari \u0130\u015fler M\u00fcd\u00fcr Yrd. <\/p>\r\n\t\t\t<\/div>\t\t\t\r\n\r\n\t\t<\/article>\r\n\t\t\t\t<article class=\"testimonials-1-item\">\r\n\r\n\t\t\t<div class=\"content\">\r\n\r\n\t\t\t\t<i class=\"fa fa-quote-left q\"><\/i><p>&#8221; Basit hatalar y\u00fcz\u00fcnden s\u00fcrekli olarak i\u015flerimiz aksamaktayd\u0131, Cerrahpa\u015fa OSGB uzmanlar\u0131 sayesinde bizim g\u00f6remedi\u011fimiz hata kaynaklar\u0131n\u0131 d\u00fczelterek i\u015flerimizin daha iyi olmas\u0131na vesile oldular. &#8220;<\/p>\n\r\n\t\t\t<\/div>\r\n\r\n\t\t\t<div class=\"author\">\r\n\t\t\t\t<figure>\r\n\t\t\t\t\t<img src=\"https:\/\/cerrahpasa.com.tr\/wp-content\/uploads\/2015\/05\/Azimlio\u011flu.jpg\" alt=\"\">\t\t\t\t\r\n\t\t\t\t<\/figure>\r\n\t\t\t\t<p class=\"name\">A. Yasemin Kas\u0131mo\u011flu<\/p>\r\n\t\t\t\t<p class=\"position\">Deva Plastik, \u00dcretim Planlama M\u00fcd\u00fcr\u00fc<\/p>\r\n\t\t\t<\/div>\t\t\t\r\n\r\n\t\t<\/article>\r\n\t\t<!-- end of the loop -->\r\n\r\n\t\t<!-- put pagination functions here -->\r\n\t\t\r\n\t\t\t\t<div class=\"riva-insert-menu-here\"><\/div>\r\n\t<\/div>\r\n\r\n\t<script>\r\n\t(function($) {\r\n\t\t\"use strict\";\r\n\r\n\t\t\/\/\r\n\t\t\/\/ Preload images\r\n\t\t\/\/\r\n\r\n\t\t$('document').ready(function() {\r\n\r\n\t\t\tvar $container = $('body'),\r\n\t\t\t\ttweetsTimer;\r\n\r\n\t\t\t$container.imagesLoaded( function() {\r\n\r\n\t\t\t\t\r\n\t\t\t\t$('#testimonials').rivaCarousel({\r\n\t\t\t\t\tstyle:'horizontal',\r\n\t\t\t\t\tnavigation:'buttons',\r\n\t\t\t\t\tnavigation_class:'width-auto float-left nav-st-3',\r\n\t\t\t\t\tbutton_left_text:'<i class=\"fa fa-chevron-left\"><\/i>',\r\n\t\t\t\t\tbutton_right_text:'<i class=\"fa fa-chevron-right\"><\/i>',\r\n\t\t\t\t\tvisible:2,\r\n\t\t\t\t\tselector:'testimonials-1-item',\r\n\t\t\t\t\tgutter:20,\r\n\t\t\t\t\tinfinite:0,\r\n\t\t\t\t\tinterval:2000,\r\n\t\t\t\t\tautostart:0,\r\n\t\t\t\t\tspeed:600,\r\n\t\t\t\t\tease: 'jswing'\r\n\t\t\t\t});\r\n\r\n\t\t\t\t\r\n\r\n\t\t\t});\r\n\r\n\t\t\tclearTimeout(tweetsTimer);\r\n\r\n\t\t});\r\n\r\n\t})(jQuery);\r\n\t<\/script>\r\n\r\n\t\t[\/vc_column][vc_column title=&#8221;&#8221;]\r\n\t\r\n\t<div class=\"company-events margin-top-70\" id=\"company-events\">\r\n\t\t<span class=\"label\">B\u0130ZDEN HABERLER<\/span>\r\n        \t\t<article class=\"item\">\r\n\r\n\t\t\t<a href=\"https:\/\/cerrahpasa.com.tr\/?events=menkul-kiymetlerin-guven-ve-istikrar-icinde-islemesi-amaciyla-kurulan-borsa-istanbul-firmasini-musterileri-portfoyumuze-kattik\">Menkul k\u0131ymetlerin g\u00fcven ve istikrar i\u00e7inde i\u015flemesi amac\u0131yla kurulan Borsa \u0130stanbul firmas\u0131n\u0131 m\u00fc\u015fterileri portf\u00f6y\u00fcm\u00fcze katt\u0131k.<\/a>\r\n\t\t\t<span>( 3 Aral\u0131k 2018 )<\/span>\r\n\r\n\t\t<\/article>\r\n\t\t<!-- end of the loop -->\r\n\r\n\t\t<!-- put pagination functions here -->\r\n\t\t\r\n\t\t\t\t<div class=\"nav\">\r\n\t\t\t<div class=\"riva-insert-menu-here\"><\/div>\r\n\t\t<\/div>\r\n\t<\/div>\r\n\r\n\t<script>\r\n\t\t(function($) {\r\n\t\t\t\"use strict\";\r\n\r\n\t\t\t\/\/\r\n\t\t\t\/\/ Preload images\r\n\t\t\t\/\/\r\n\r\n\t\t\t$('document').ready(function() {\r\n\r\n\t\t\t\tvar $container = $('body'),\r\n\t\t\t\t\ttweetsTimer;\r\n\r\n\t\t\t\t$container.imagesLoaded( function() {\r\n\r\n\t\t\t\t\t\r\n\t\t\t\t\t$('#company-events').rivaCarousel({\r\n\t\t\t\t\t\tstyle:'horizontal',\r\n\t\t\t\t\t\tnavigation:'buttons',\r\n\t\t\t\t\t\tnavigation_class:'width-auto float-left nav-st-2',\r\n\t\t\t\t\t\tbutton_left_text:'<i class=\"fa fa-chevron-left\"><\/i>',\r\n\t\t\t\t\t\tbutton_right_text:'<i class=\"fa fa-chevron-right\"><\/i>',\r\n\t\t\t\t\t\tvisible:1,\r\n\t\t\t\t\t\tselector:'item',\r\n\t\t\t\t\t\tgutter:20,\r\n\t\t\t\t\t\tinfinite:0,\r\n\t\t\t\t\t\tinterval:2000,\r\n\t\t\t\t\t\tautostart:0,\r\n\t\t\t\t\t\tspeed:600,\r\n\t\t\t\t\t\tease: 'easeInQuad'\r\n\t\t\t\t\t});\r\n\r\n\t\t\t\t\t\r\n\r\n\t\t\t\t});\r\n\r\n\t\t\t\tclearTimeout(tweetsTimer);\r\n\r\n\t\t\t});\r\n\r\n\t\t})(jQuery);\r\n\t<\/script>\r\n\r\n\t[\/vc_column][\/vc_row]<\/p>\n","protected":false},"excerpt":{"rendered":"<p>[vc_row fullwidth=&#8221;yes&#8221; align_title=&#8221;left&#8221; css=&#8221;.vc_custom_1433930421750{padding-top: 0px !important;padding-bottom: 0px !important;}&#8221; el_class=&#8221;padding-top-0&#8243;][vc_column title=&#8221;&#8221;][layerslider_vc id=&#8221;1&#8243; el_class=&#8221;fullwidth&#8221;][\/vc_column][\/vc_row][vc_row overlay=&#8221;no&#8221; ses_title=&#8221;&#8221; align_title=&#8221;left&#8221; wrap_class=&#8221;&#8221;][vc_column title=&#8221;&#8221;][\/vc_column][\/vc_row][vc_row overlay=&#8221;dark&#8221; align_title=&#8221;left&#8221; css=&#8221;.vc_custom_1433926465236{background-image: url(https:\/\/cerrahpasa.com.tr\/wp-content\/uploads\/2015\/05\/1.jpg?id=11) !important;background-position: center !important;background-repeat: no-repeat !important;background-size: cover !important;}&#8221;][vc_column width=&#8221;1\/3&#8243; title=&#8221;&#8221;][\/vc_column][vc_column width=&#8221;1\/3&#8243; title=&#8221;&#8221;][\/vc_column][vc_column width=&#8221;1\/3&#8243; title=&#8221;&#8221;][\/vc_column][\/vc_row][vc_row align_title=&#8221;left&#8221; css=&#8221;.vc_custom_1543842398682{margin-top: -20px !important;margin-bottom: -60px !important;background-color: #ecedf1 !important;}&#8221;][vc_column width=&#8221;1\/2&#8243; title=&#8221;&#8221;][vc_column_text css=&#8221;.vc_custom_1543842232578{margin-bottom: 1.5rem !important;}&#8221;] \u00a0Risk De\u011ferlendirme Analizi \u00a0Acil Durum Eylem Plan\u0131 \u00a0Patlamadan [&hellip;]<\/p>\n","protected":false},"author":4852,"featured_media":0,"parent":0,"menu_order":0,"comment_status":"open","ping_status":"open","template":"page-templates\/template-canvas.php","meta":[],"_links":{"self":[{"href":"https:\/\/cerrahpasa.com.tr\/index.php?rest_route=\/wp\/v2\/pages\/470"}],"collection":[{"href":"https:\/\/cerrahpasa.com.tr\/index.php?rest_route=\/wp\/v2\/pages"}],"about":[{"href":"https:\/\/cerrahpasa.com.tr\/index.php?rest_route=\/wp\/v2\/types\/page"}],"author":[{"embeddable":true,"href":"https:\/\/cerrahpasa.com.tr\/index.php?rest_route=\/wp\/v2\/users\/4852"}],"replies":[{"embeddable":true,"href":"https:\/\/cerrahpasa.com.tr\/index.php?rest_route=%2Fwp%2Fv2%2Fcomments&post=470"}],"version-history":[{"count":46,"href":"https:\/\/cerrahpasa.com.tr\/index.php?rest_route=\/wp\/v2\/pages\/470\/revisions"}],"predecessor-version":[{"id":1778,"href":"https:\/\/cerrahpasa.com.tr\/index.php?rest_route=\/wp\/v2\/pages\/470\/revisions\/1778"}],"wp:attachment":[{"href":"https:\/\/cerrahpasa.com.tr\/index.php?rest_route=%2Fwp%2Fv2%2Fmedia&parent=470"}],"curies":[{"name":"wp","href":"https:\/\/api.w.org\/{rel}","templated":true}]}}